{"id":338,"date":"2020-03-13T17:29:36","date_gmt":"2020-03-13T17:29:36","guid":{"rendered":"https:\/\/lagar.vamtam.com\/?page_id=338"},"modified":"2023-05-23T09:52:41","modified_gmt":"2023-05-23T09:52:41","slug":"filosofia-algil","status":"publish","type":"page","link":"https:\/\/algilbodegas.com\/es_es\/filosofia-algil\/","title":{"rendered":"Filosof\u00eda algil"},"content":{"rendered":"\t\t<div data-elementor-type=\"wp-page\" data-elementor-id=\"338\" class=\"elementor elementor-338\" data-elementor-post-type=\"page\">\n\t\t\t\t\t\t<section class=\"elementor-section elementor-top-section elementor-element elementor-element-4420308 elementor-section-height-min-height elementor-section-content-bottom elementor-section-boxed elementor-section-height-default elementor-section-items-middle\" data-id=\"4420308\" data-element_type=\"section\" data-e-type=\"section\" data-settings=\"{&quot;background_background&quot;:&quot;classic&quot;}\">\n\t\t\t\t\t\t\t<div class=\"elementor-background-overlay\"><\/div>\n\t\t\t\t\t\t\t<div class=\"elementor-container elementor-column-gap-default\">\n\t\t\t\t\t<div class=\"elementor-column elementor-col-100 elementor-top-column elementor-element elementor-element-331e88e\" data-id=\"331e88e\" data-element_type=\"column\" data-e-type=\"column\">\n\t\t\t<div class=\"elementor-widget-wrap elementor-element-populated\">\n\t\t\t\t\t\t<div class=\"elementor-element elementor-element-055b569 elementor-invisible elementor-widget elementor-widget-heading\" data-id=\"055b569\" data-element_type=\"widget\" data-e-type=\"widget\" data-settings=\"{&quot;_animation&quot;:&quot;fadeIn&quot;}\" data-widget_type=\"heading.default\">\n\t\t\t\t<div class=\"elementor-widget-container\">\n\t\t\t\t\t<h2 class=\"elementor-heading-title elementor-size-default\">Filosof\u00eda<\/h2>\t\t\t\t<\/div>\n\t\t\t\t<\/div>\n\t\t\t\t\t<\/div>\n\t\t<\/div>\n\t\t\t\t\t<\/div>\n\t\t<\/section>\n\t\t\t\t<section class=\"elementor-section elementor-top-section elementor-element elementor-element-c456f3a elementor-section-boxed elementor-section-height-default elementor-section-height-default\" data-id=\"c456f3a\" data-element_type=\"section\" data-e-type=\"section\">\n\t\t\t\t\t\t<div class=\"elementor-container elementor-column-gap-default\">\n\t\t\t\t\t<div class=\"elementor-column elementor-col-50 elementor-top-column elementor-element elementor-element-1ad59ec\" data-id=\"1ad59ec\" data-element_type=\"column\" data-e-type=\"column\" data-settings=\"{&quot;background_background&quot;:&quot;classic&quot;}\">\n\t\t\t<div class=\"elementor-widget-wrap elementor-element-populated\">\n\t\t\t\t\t\t<div class=\"elementor-element elementor-element-44bbadf elementor-invisible elementor-widget elementor-widget-image\" data-id=\"44bbadf\" data-element_type=\"widget\" data-e-type=\"widget\" data-settings=\"{&quot;_animation&quot;:&quot;imageGrowWithScaleLeft&quot;}\" data-widget_type=\"image.default\">\n\t\t\t\t<div class=\"elementor-widget-container\">\n\t\t\t\t\t\t\t\t\t\t\t\t\t\t\t<img fetchpriority=\"high\" decoding=\"async\" width=\"442\" height=\"650\" src=\"https:\/\/algilbodegas.com\/wp-content\/uploads\/2021\/03\/algil-filosofia-e1681736405284.jpg\" class=\"attachment-full size-full wp-image-987925\" alt=\"\" srcset=\"https:\/\/algilbodegas.com\/wp-content\/uploads\/2021\/03\/algil-filosofia-e1681736405284.jpg 442w, https:\/\/algilbodegas.com\/wp-content\/uploads\/2021\/03\/algil-filosofia-e1681736405284-315x463.jpg 315w, https:\/\/algilbodegas.com\/wp-content\/uploads\/2021\/03\/algil-filosofia-e1681736405284-204x300.jpg 204w, https:\/\/algilbodegas.com\/wp-content\/uploads\/2021\/03\/algil-filosofia-e1681736405284-8x12.jpg 8w\" sizes=\"(max-width: 442px) 100vw, 442px\" \/>\t\t\t\t\t\t\t\t\t\t\t\t\t\t\t<\/div>\n\t\t\t\t<\/div>\n\t\t\t\t\t<\/div>\n\t\t<\/div>\n\t\t\t\t<div class=\"elementor-column elementor-col-50 elementor-top-column elementor-element elementor-element-bd7ea74 animated-slow elementor-invisible\" data-id=\"bd7ea74\" data-element_type=\"column\" data-e-type=\"column\" data-settings=\"{&quot;animation&quot;:&quot;fadeIn&quot;}\">\n\t\t\t<div class=\"elementor-widget-wrap elementor-element-populated\">\n\t\t\t\t\t\t<div class=\"elementor-element elementor-element-0cff6cc elementor-invisible elementor-widget elementor-widget-heading\" data-id=\"0cff6cc\" data-element_type=\"widget\" data-e-type=\"widget\" data-settings=\"{&quot;_animation&quot;:&quot;fadeIn&quot;,&quot;_animation_delay&quot;:200}\" data-widget_type=\"heading.default\">\n\t\t\t\t<div class=\"elementor-widget-container\">\n\t\t\t\t\t<h3 class=\"elementor-heading-title elementor-size-default\">Un sue\u00f1o<\/h3>\t\t\t\t<\/div>\n\t\t\t\t<\/div>\n\t\t\t\t<div class=\"elementor-element elementor-element-410d6b1 elementor-invisible elementor-widget elementor-widget-heading\" data-id=\"410d6b1\" data-element_type=\"widget\" data-e-type=\"widget\" data-settings=\"{&quot;_animation&quot;:&quot;fadeIn&quot;,&quot;_animation_delay&quot;:200}\" data-widget_type=\"heading.default\">\n\t\t\t\t<div class=\"elementor-widget-container\">\n\t\t\t\t\t<h1 class=\"elementor-heading-title elementor-size-default\">Algil es la interpretaci\u00f3n l\u00edquida de un paisaje hist\u00f3rico<\/h1>\t\t\t\t<\/div>\n\t\t\t\t<\/div>\n\t\t\t\t<div class=\"elementor-element elementor-element-5935fe6 elementor-widget elementor-widget-text-editor\" data-id=\"5935fe6\" data-element_type=\"widget\" data-e-type=\"widget\" data-widget_type=\"text-editor.default\">\n\t\t\t\t<div class=\"elementor-widget-container\">\n\t\t\t\t\t\t\t\t\t<div class=\"elementor-element elementor-element-528465e5 elementor-widget elementor-widget-text-editor\" data-id=\"528465e5\" data-element_type=\"widget\" data-widget_type=\"text-editor.default\"><div class=\"elementor-widget-container\"><div class=\"elementor-text-editor elementor-clearfix\"><p>Algil es la culminaci\u00f3n de un sue\u00f1o.<\/p><p>Una visi\u00f3n que me ha acompa\u00f1ado desde ni\u00f1o: recuperar el valor de una tierra, Toro, que a pesar de su dureza nos lo ha entregado todo a trav\u00e9s de varias generaciones de viticultores.<\/p><p>San Rom\u00e1n de Hornija y Morales, un vi\u00f1edo casi olvidado en una denominaci\u00f3n que es un sin\u00f3nimo de cantos rodados; de resiliencia y supervivencia; de una viticultura longeva, de su pasi\u00f3n por el vino\u2026 de un trato pactado con la propia naturaleza.<\/p><\/div><\/div><\/div>\t\t\t\t\t\t\t\t<\/div>\n\t\t\t\t<\/div>\n\t\t\t\t\t<\/div>\n\t\t<\/div>\n\t\t\t\t\t<\/div>\n\t\t<\/section>\n\t\t\t\t<section class=\"elementor-section elementor-top-section elementor-element elementor-element-ed24cff elementor-reverse-mobile elementor-section-boxed elementor-section-height-default elementor-section-height-default\" data-id=\"ed24cff\" data-element_type=\"section\" data-e-type=\"section\" data-settings=\"{&quot;background_background&quot;:&quot;classic&quot;}\">\n\t\t\t\t\t\t<div class=\"elementor-container elementor-column-gap-default\">\n\t\t\t\t\t<div class=\"elementor-column elementor-col-50 elementor-top-column elementor-element elementor-element-ed8b4ef animated-slow elementor-invisible\" data-id=\"ed8b4ef\" data-element_type=\"column\" data-e-type=\"column\" data-settings=\"{&quot;animation&quot;:&quot;fadeIn&quot;}\">\n\t\t\t<div class=\"elementor-widget-wrap elementor-element-populated\">\n\t\t\t\t\t\t<div class=\"elementor-element elementor-element-3998b19 elementor-invisible elementor-widget elementor-widget-heading\" data-id=\"3998b19\" data-element_type=\"widget\" data-e-type=\"widget\" data-settings=\"{&quot;_animation&quot;:&quot;fadeIn&quot;,&quot;_animation_delay&quot;:200}\" data-widget_type=\"heading.default\">\n\t\t\t\t<div class=\"elementor-widget-container\">\n\t\t\t\t\t<h3 class=\"elementor-heading-title elementor-size-default\">concepto<\/h3>\t\t\t\t<\/div>\n\t\t\t\t<\/div>\n\t\t\t\t<div class=\"elementor-element elementor-element-0bb8c98 elementor-invisible elementor-widget elementor-widget-heading\" data-id=\"0bb8c98\" data-element_type=\"widget\" data-e-type=\"widget\" data-settings=\"{&quot;_animation&quot;:&quot;fadeIn&quot;,&quot;_animation_delay&quot;:200}\" data-widget_type=\"heading.default\">\n\t\t\t\t<div class=\"elementor-widget-container\">\n\t\t\t\t\t<h2 class=\"elementor-heading-title elementor-size-default\">Vinos con MAGIA<\/h2>\t\t\t\t<\/div>\n\t\t\t\t<\/div>\n\t\t\t\t<div class=\"elementor-element elementor-element-36628c1 elementor-widget elementor-widget-text-editor\" data-id=\"36628c1\" data-element_type=\"widget\" data-e-type=\"widget\" data-widget_type=\"text-editor.default\">\n\t\t\t\t<div class=\"elementor-widget-container\">\n\t\t\t\t\t\t\t\t\t<div class=\"elementor-element elementor-element-528465e5 elementor-widget elementor-widget-text-editor\" data-id=\"528465e5\" data-element_type=\"widget\" data-widget_type=\"text-editor.default\"><div class=\"elementor-widget-container\"><div><em><span style=\"font-weight: 400;\">Intento transmitir el entorno singular de Toro desde una \u00f3ptica innovadora, sin perder la esencia de lo ancestral y aut\u00e9ntico<\/span><\/em><\/div><div>\u00a0<\/div><div>Pasado y presente pasean juntos por estos vi\u00f1edos centenarios familiares.<\/div><div><span style=\"font-weight: 400;\">Cepas que son el hilo conductor de un relato que se remonta a nuestros abuelos y que buscamos legar a nuestros nietos<\/span> ense\u00f1ando la \u00f3ptica innovadora sin perder la esencia de lo ancestral y lo aut\u00e9ntico.<\/div><div>\u00a0<\/div><div class=\"elementor-text-editor elementor-clearfix\"><p><span style=\"font-weight: 400;\">Con un respeto extremo por el entorno, devolviendo a este terroir de Toro lo que de \u00e9l tomamos porque, a fin de cuentas, somos parte indisoluble del terru\u00f1o.<\/span><\/p><p><span style=\"font-weight: 400;\">Algil Bodegas y Vi\u00f1edos surge del profundo conocimiento de esta tierra y de sus materias primas; del esfuerzo por hacer que la tradici\u00f3n y la innovaci\u00f3n se unan dando lugar a la b\u00fasqueda constante de la perfecci\u00f3n. <\/span><\/p><p><em><span style=\"font-weight: 400;\">Mi misi\u00f3n, disfrutar en una copa de todo el sabor de un paisaje honesto en el que la uva es la protagonista de cada historia embotellada. <\/span><\/em><\/p><\/div><\/div><\/div>\t\t\t\t\t\t\t\t<\/div>\n\t\t\t\t<\/div>\n\t\t\t\t\t<\/div>\n\t\t<\/div>\n\t\t\t\t<div class=\"elementor-column elementor-col-50 elementor-top-column elementor-element elementor-element-e71da76\" data-id=\"e71da76\" data-element_type=\"column\" data-e-type=\"column\" data-settings=\"{&quot;background_background&quot;:&quot;classic&quot;}\">\n\t\t\t<div class=\"elementor-widget-wrap elementor-element-populated\">\n\t\t\t\t\t\t<div class=\"elementor-element elementor-element-8c0821d elementor-invisible elementor-widget elementor-widget-image\" data-id=\"8c0821d\" data-element_type=\"widget\" data-e-type=\"widget\" data-settings=\"{&quot;_animation&quot;:&quot;imageGrowWithScaleRight&quot;,&quot;_animation_delay&quot;:200}\" data-widget_type=\"image.default\">\n\t\t\t\t<div class=\"elementor-widget-container\">\n\t\t\t\t\t\t\t\t\t\t\t\t\t\t\t<img decoding=\"async\" src=\"https:\/\/algilbodegas.com\/wp-content\/uploads\/elementor\/thumbs\/20170531_185430-1024x576-1-p9s0oi44tybx3j1hk9zqqjxti7utx8binoclv6mqg4.jpg\" title=\"Vi\u00f1edos Algil\" alt=\"Vi\u00f1edos Algil\" loading=\"lazy\" \/>\t\t\t\t\t\t\t\t\t\t\t\t\t\t\t<\/div>\n\t\t\t\t<\/div>\n\t\t\t\t\t<\/div>\n\t\t<\/div>\n\t\t\t\t\t<\/div>\n\t\t<\/section>\n\t\t\t\t<section class=\"elementor-section elementor-top-section elementor-element elementor-element-ece9f6e elementor-section-height-min-height elementor-section-items-stretch elementor-section-full_width elementor-section-height-default\" data-id=\"ece9f6e\" data-element_type=\"section\" data-e-type=\"section\">\n\t\t\t\t\t\t<div class=\"elementor-container elementor-column-gap-default\">\n\t\t\t\t\t<div class=\"elementor-column elementor-col-33 elementor-top-column elementor-element elementor-element-0c002b0\" data-id=\"0c002b0\" data-element_type=\"column\" data-e-type=\"column\" data-settings=\"{&quot;background_background&quot;:&quot;classic&quot;,&quot;background_motion_fx_motion_fx_mouse&quot;:&quot;yes&quot;,&quot;background_motion_fx_mouseTrack_effect&quot;:&quot;yes&quot;,&quot;background_motion_fx_mouseTrack_speed&quot;:{&quot;unit&quot;:&quot;px&quot;,&quot;size&quot;:1,&quot;sizes&quot;:[]}}\">\n\t\t\t<div class=\"elementor-widget-wrap elementor-element-populated\">\n\t\t\t\t\t<div class=\"elementor-background-overlay\"><\/div>\n\t\t\t\t\t\t<div class=\"elementor-element elementor-element-bfb58f1 elementor-cta--skin-cover elementor-bg-transform elementor-bg-transform-zoom-out elementor-animated-content elementor-widget elementor-widget-call-to-action\" data-id=\"bfb58f1\" data-element_type=\"widget\" data-e-type=\"widget\" data-widget_type=\"call-to-action.default\">\n\t\t\t\t<div class=\"elementor-widget-container\">\n\t\t\t\t\t\t\t<a class=\"elementor-cta\" href=\"\/vinedos-algil\/\">\n\t\t\t\t\t<div class=\"elementor-cta__bg-wrapper\">\n\t\t\t\t<div class=\"elementor-cta__bg elementor-bg\" style=\"background-image: url(https:\/\/algilbodegas.com\/wp-content\/uploads\/2021\/03\/vinedos-algil-1024x683.jpg);\" role=\"img\" aria-label=\"vi\u00f1edos algil\"><\/div>\n\t\t\t\t<div class=\"elementor-cta__bg-overlay\"><\/div>\n\t\t\t<\/div>\n\t\t\t\t\t\t\t<div class=\"elementor-cta__content\">\n\t\t\t\t\n\t\t\t\t\n\t\t\t\t\n\t\t\t\t\t\t\t\t\t<div class=\"elementor-cta__button-wrapper elementor-cta__content-item elementor-content-item elementor-animated-item--grow\">\n\t\t\t\t\t<span class=\"elementor-cta__button elementor-button elementor-size-\">\n\t\t\t\t\t\tVi\u00f1edos\t\t\t\t\t<\/span>\n\t\t\t\t\t<\/div>\n\t\t\t\t\t\t\t<\/div>\n\t\t\t\t\t\t<\/a>\n\t\t\t\t\t\t<\/div>\n\t\t\t\t<\/div>\n\t\t\t\t\t<\/div>\n\t\t<\/div>\n\t\t\t\t<div class=\"elementor-column elementor-col-33 elementor-top-column elementor-element elementor-element-bbc1341\" data-id=\"bbc1341\" data-element_type=\"column\" data-e-type=\"column\">\n\t\t\t<div class=\"elementor-widget-wrap elementor-element-populated\">\n\t\t\t\t\t<div class=\"elementor-background-overlay\"><\/div>\n\t\t\t\t\t\t<div class=\"elementor-element elementor-element-9681c70 elementor-cta--skin-cover elementor-bg-transform elementor-bg-transform-zoom-out elementor-animated-content elementor-widget elementor-widget-call-to-action\" data-id=\"9681c70\" data-element_type=\"widget\" data-e-type=\"widget\" data-widget_type=\"call-to-action.default\">\n\t\t\t\t<div class=\"elementor-widget-container\">\n\t\t\t\t\t\t\t<a class=\"elementor-cta\" href=\"\/historia-algil-bodegas-vinedos\/\">\n\t\t\t\t\t<div class=\"elementor-cta__bg-wrapper\">\n\t\t\t\t<div class=\"elementor-cta__bg elementor-bg\" style=\"background-image: url(https:\/\/algilbodegas.com\/wp-content\/uploads\/2021\/03\/Algil-bodegas-y-vinedos-1024x683.jpg);\" role=\"img\" aria-label=\"Algil bodegas y vi\u00f1edos\"><\/div>\n\t\t\t\t<div class=\"elementor-cta__bg-overlay\"><\/div>\n\t\t\t<\/div>\n\t\t\t\t\t\t\t<div class=\"elementor-cta__content\">\n\t\t\t\t\n\t\t\t\t\n\t\t\t\t\n\t\t\t\t\t\t\t\t\t<div class=\"elementor-cta__button-wrapper elementor-cta__content-item elementor-content-item elementor-animated-item--grow\">\n\t\t\t\t\t<span class=\"elementor-cta__button elementor-button elementor-size-\">\n\t\t\t\t\t\tNuestra historia\t\t\t\t\t<\/span>\n\t\t\t\t\t<\/div>\n\t\t\t\t\t\t\t<\/div>\n\t\t\t\t\t\t<\/a>\n\t\t\t\t\t\t<\/div>\n\t\t\t\t<\/div>\n\t\t\t\t\t<\/div>\n\t\t<\/div>\n\t\t\t\t<div class=\"elementor-column elementor-col-33 elementor-top-column elementor-element elementor-element-4c392dc\" data-id=\"4c392dc\" data-element_type=\"column\" data-e-type=\"column\">\n\t\t\t<div class=\"elementor-widget-wrap elementor-element-populated\">\n\t\t\t\t\t<div class=\"elementor-background-overlay\"><\/div>\n\t\t\t\t\t\t<div class=\"elementor-element elementor-element-8263ca2 elementor-cta--skin-cover elementor-bg-transform elementor-bg-transform-zoom-out elementor-animated-content elementor-widget elementor-widget-call-to-action\" data-id=\"8263ca2\" data-element_type=\"widget\" data-e-type=\"widget\" data-widget_type=\"call-to-action.default\">\n\t\t\t\t<div class=\"elementor-widget-container\">\n\t\t\t\t\t\t\t<a class=\"elementor-cta\" href=\"\/vinos\/\">\n\t\t\t\t\t<div class=\"elementor-cta__bg-wrapper\">\n\t\t\t\t<div class=\"elementor-cta__bg elementor-bg\" style=\"background-image: url(https:\/\/lagar.vamtam.com\/wp-content\/uploads\/2020\/03\/kelsey-knight-udj2tD3WKsY-unsplash.jpg);\" role=\"img\" aria-label=\"\"><\/div>\n\t\t\t\t<div class=\"elementor-cta__bg-overlay\"><\/div>\n\t\t\t<\/div>\n\t\t\t\t\t\t\t<div class=\"elementor-cta__content\">\n\t\t\t\t\n\t\t\t\t\n\t\t\t\t\n\t\t\t\t\t\t\t\t\t<div class=\"elementor-cta__button-wrapper elementor-cta__content-item elementor-content-item elementor-animated-item--grow\">\n\t\t\t\t\t<span class=\"elementor-cta__button elementor-button elementor-size-\">\n\t\t\t\t\t\tVinos\t\t\t\t\t<\/span>\n\t\t\t\t\t<\/div>\n\t\t\t\t\t\t\t<\/div>\n\t\t\t\t\t\t<\/a>\n\t\t\t\t\t\t<\/div>\n\t\t\t\t<\/div>\n\t\t\t\t\t<\/div>\n\t\t<\/div>\n\t\t\t\t\t<\/div>\n\t\t<\/section>\n\t\t\t\t<\/div>\n\t\t","protected":false},"excerpt":{"rendered":"<p>Filosof\u00eda Un sue\u00f1o Algil es la interpretaci\u00f3n l\u00edquida de un paisaje hist\u00f3rico Algil es la culminaci\u00f3n de un sue\u00f1o. Una visi\u00f3n que me ha acompa\u00f1ado desde ni\u00f1o: recuperar el valor de una tierra, Toro, que a pesar de su dureza nos lo ha entregado todo a trav\u00e9s de varias generaciones de viticultores. San Rom\u00e1n de&#8230;<\/p>\n","protected":false},"author":1,"featured_media":0,"parent":0,"menu_order":0,"comment_status":"closed","ping_status":"closed","template":"elementor_header_footer","meta":{"footnotes":""},"class_list":["post-338","page","type-page","status-publish","hentry"],"yoast_head":"<!-- This site is optimized with the Yoast SEO plugin v25.2 - https:\/\/yoast.com\/wordpress\/plugins\/seo\/ -->\n<title>Filosof\u00eda Algil - Algil Bodegas y Vi\u00f1edos<\/title>\n<meta name=\"description\" content=\"En Algil Bodegas y Vi\u00f1edos, nuestra filosof\u00eda es crear vinos de calidad que reflejen la pasi\u00f3n y el cuidado con el que trabajamos la uva.\" \/>\n<meta name=\"robots\" content=\"index, follow, max-snippet:-1, max-image-preview:large, max-video-preview:-1\" \/>\n<link rel=\"canonical\" href=\"https:\/\/algilbodegas.com\/es_es\/filosofia-algil\/\" \/>\n<meta property=\"og:locale\" content=\"es_ES\" \/>\n<meta property=\"og:type\" content=\"article\" \/>\n<meta property=\"og:title\" content=\"Filosof\u00eda Algil - Algil Bodegas y Vi\u00f1edos\" \/>\n<meta property=\"og:description\" content=\"En Algil Bodegas y Vi\u00f1edos, nuestra filosof\u00eda es crear vinos de calidad que reflejen la pasi\u00f3n y el cuidado con el que trabajamos la uva.\" \/>\n<meta property=\"og:url\" content=\"https:\/\/algilbodegas.com\/es_es\/filosofia-algil\/\" \/>\n<meta property=\"og:site_name\" content=\"Algil Bodegas y Vi\u00f1edos\" \/>\n<meta property=\"article:modified_time\" content=\"2023-05-23T09:52:41+00:00\" \/>\n<meta property=\"og:image\" content=\"http:\/\/algilbodegas.com\/wp-content\/uploads\/2021\/03\/algil-filosofia-e1681736405284.jpg\" \/>\n<meta name=\"twitter:card\" content=\"summary_large_image\" \/>\n<meta name=\"twitter:label1\" content=\"Tiempo de lectura\" \/>\n\t<meta name=\"twitter:data1\" content=\"3 minutos\" \/>\n<script type=\"application\/ld+json\" class=\"yoast-schema-graph\">{\"@context\":\"https:\/\/schema.org\",\"@graph\":[{\"@type\":\"WebPage\",\"@id\":\"https:\/\/algilbodegas.com\/filosofia-algil\/\",\"url\":\"https:\/\/algilbodegas.com\/filosofia-algil\/\",\"name\":\"Filosof\u00eda Algil - Algil Bodegas y Vi\u00f1edos\",\"isPartOf\":{\"@id\":\"https:\/\/algilbodegas.com\/es_es\/#website\"},\"primaryImageOfPage\":{\"@id\":\"https:\/\/algilbodegas.com\/filosofia-algil\/#primaryimage\"},\"image\":{\"@id\":\"https:\/\/algilbodegas.com\/filosofia-algil\/#primaryimage\"},\"thumbnailUrl\":\"http:\/\/algilbodegas.com\/wp-content\/uploads\/2021\/03\/algil-filosofia-e1681736405284.jpg\",\"datePublished\":\"2020-03-13T17:29:36+00:00\",\"dateModified\":\"2023-05-23T09:52:41+00:00\",\"description\":\"En Algil Bodegas y Vi\u00f1edos, nuestra filosof\u00eda es crear vinos de calidad que reflejen la pasi\u00f3n y el cuidado con el que trabajamos la uva.\",\"breadcrumb\":{\"@id\":\"https:\/\/algilbodegas.com\/filosofia-algil\/#breadcrumb\"},\"inLanguage\":\"es\",\"potentialAction\":[{\"@type\":\"ReadAction\",\"target\":[\"https:\/\/algilbodegas.com\/filosofia-algil\/\"]}]},{\"@type\":\"ImageObject\",\"inLanguage\":\"es\",\"@id\":\"https:\/\/algilbodegas.com\/filosofia-algil\/#primaryimage\",\"url\":\"http:\/\/algilbodegas.com\/wp-content\/uploads\/2021\/03\/algil-filosofia-e1681736405284.jpg\",\"contentUrl\":\"http:\/\/algilbodegas.com\/wp-content\/uploads\/2021\/03\/algil-filosofia-e1681736405284.jpg\"},{\"@type\":\"BreadcrumbList\",\"@id\":\"https:\/\/algilbodegas.com\/filosofia-algil\/#breadcrumb\",\"itemListElement\":[{\"@type\":\"ListItem\",\"position\":1,\"name\":\"Home\",\"item\":\"https:\/\/algilbodegas.com\/\"},{\"@type\":\"ListItem\",\"position\":2,\"name\":\"Filosof\u00eda algil\"}]},{\"@type\":\"WebSite\",\"@id\":\"https:\/\/algilbodegas.com\/es_es\/#website\",\"url\":\"https:\/\/algilbodegas.com\/es_es\/\",\"name\":\"Algil Bodegas y Vi\u00f1edos\",\"description\":\"\",\"publisher\":{\"@id\":\"https:\/\/algilbodegas.com\/es_es\/#organization\"},\"potentialAction\":[{\"@type\":\"SearchAction\",\"target\":{\"@type\":\"EntryPoint\",\"urlTemplate\":\"https:\/\/algilbodegas.com\/es_es\/?s={search_term_string}\"},\"query-input\":{\"@type\":\"PropertyValueSpecification\",\"valueRequired\":true,\"valueName\":\"search_term_string\"}}],\"inLanguage\":\"es\"},{\"@type\":\"Organization\",\"@id\":\"https:\/\/algilbodegas.com\/es_es\/#organization\",\"name\":\"Algil Bodegas y Vi\u00f1edos\",\"url\":\"https:\/\/algilbodegas.com\/es_es\/\",\"logo\":{\"@type\":\"ImageObject\",\"inLanguage\":\"es\",\"@id\":\"https:\/\/algilbodegas.com\/es_es\/#\/schema\/logo\/image\/\",\"url\":\"https:\/\/algilbodegas.com\/wp-content\/uploads\/2021\/03\/logo-negativo-pequeno.png\",\"contentUrl\":\"https:\/\/algilbodegas.com\/wp-content\/uploads\/2021\/03\/logo-negativo-pequeno.png\",\"width\":100,\"height\":61,\"caption\":\"Algil Bodegas y Vi\u00f1edos\"},\"image\":{\"@id\":\"https:\/\/algilbodegas.com\/es_es\/#\/schema\/logo\/image\/\"}}]}<\/script>\n<!-- \/ Yoast SEO plugin. -->","yoast_head_json":{"title":"Filosof\u00eda Algil - Algil Bodegas y Vi\u00f1edos","description":"En Algil Bodegas y Vi\u00f1edos, nuestra filosof\u00eda es crear vinos de calidad que reflejen la pasi\u00f3n y el cuidado con el que trabajamos la uva.","robots":{"index":"index","follow":"follow","max-snippet":"max-snippet:-1","max-image-preview":"max-image-preview:large","max-video-preview":"max-video-preview:-1"},"canonical":"https:\/\/algilbodegas.com\/es_es\/filosofia-algil\/","og_locale":"es_ES","og_type":"article","og_title":"Filosof\u00eda Algil - Algil Bodegas y Vi\u00f1edos","og_description":"En Algil Bodegas y Vi\u00f1edos, nuestra filosof\u00eda es crear vinos de calidad que reflejen la pasi\u00f3n y el cuidado con el que trabajamos la uva.","og_url":"https:\/\/algilbodegas.com\/es_es\/filosofia-algil\/","og_site_name":"Algil Bodegas y Vi\u00f1edos","article_modified_time":"2023-05-23T09:52:41+00:00","og_image":[{"url":"http:\/\/algilbodegas.com\/wp-content\/uploads\/2021\/03\/algil-filosofia-e1681736405284.jpg","type":"","width":"","height":""}],"twitter_card":"summary_large_image","twitter_misc":{"Tiempo de lectura":"3 minutos"},"schema":{"@context":"https:\/\/schema.org","@graph":[{"@type":"WebPage","@id":"https:\/\/algilbodegas.com\/filosofia-algil\/","url":"https:\/\/algilbodegas.com\/filosofia-algil\/","name":"Filosof\u00eda Algil - Algil Bodegas y Vi\u00f1edos","isPartOf":{"@id":"https:\/\/algilbodegas.com\/es_es\/#website"},"primaryImageOfPage":{"@id":"https:\/\/algilbodegas.com\/filosofia-algil\/#primaryimage"},"image":{"@id":"https:\/\/algilbodegas.com\/filosofia-algil\/#primaryimage"},"thumbnailUrl":"http:\/\/algilbodegas.com\/wp-content\/uploads\/2021\/03\/algil-filosofia-e1681736405284.jpg","datePublished":"2020-03-13T17:29:36+00:00","dateModified":"2023-05-23T09:52:41+00:00","description":"En Algil Bodegas y Vi\u00f1edos, nuestra filosof\u00eda es crear vinos de calidad que reflejen la pasi\u00f3n y el cuidado con el que trabajamos la uva.","breadcrumb":{"@id":"https:\/\/algilbodegas.com\/filosofia-algil\/#breadcrumb"},"inLanguage":"es","potentialAction":[{"@type":"ReadAction","target":["https:\/\/algilbodegas.com\/filosofia-algil\/"]}]},{"@type":"ImageObject","inLanguage":"es","@id":"https:\/\/algilbodegas.com\/filosofia-algil\/#primaryimage","url":"http:\/\/algilbodegas.com\/wp-content\/uploads\/2021\/03\/algil-filosofia-e1681736405284.jpg","contentUrl":"http:\/\/algilbodegas.com\/wp-content\/uploads\/2021\/03\/algil-filosofia-e1681736405284.jpg"},{"@type":"BreadcrumbList","@id":"https:\/\/algilbodegas.com\/filosofia-algil\/#breadcrumb","itemListElement":[{"@type":"ListItem","position":1,"name":"Home","item":"https:\/\/algilbodegas.com\/"},{"@type":"ListItem","position":2,"name":"Filosof\u00eda algil"}]},{"@type":"WebSite","@id":"https:\/\/algilbodegas.com\/es_es\/#website","url":"https:\/\/algilbodegas.com\/es_es\/","name":"Algil Bodegas y Vi\u00f1edos","description":"","publisher":{"@id":"https:\/\/algilbodegas.com\/es_es\/#organization"},"potentialAction":[{"@type":"SearchAction","target":{"@type":"EntryPoint","urlTemplate":"https:\/\/algilbodegas.com\/es_es\/?s={search_term_string}"},"query-input":{"@type":"PropertyValueSpecification","valueRequired":true,"valueName":"search_term_string"}}],"inLanguage":"es"},{"@type":"Organization","@id":"https:\/\/algilbodegas.com\/es_es\/#organization","name":"Algil Bodegas y Vi\u00f1edos","url":"https:\/\/algilbodegas.com\/es_es\/","logo":{"@type":"ImageObject","inLanguage":"es","@id":"https:\/\/algilbodegas.com\/es_es\/#\/schema\/logo\/image\/","url":"https:\/\/algilbodegas.com\/wp-content\/uploads\/2021\/03\/logo-negativo-pequeno.png","contentUrl":"https:\/\/algilbodegas.com\/wp-content\/uploads\/2021\/03\/logo-negativo-pequeno.png","width":100,"height":61,"caption":"Algil Bodegas y Vi\u00f1edos"},"image":{"@id":"https:\/\/algilbodegas.com\/es_es\/#\/schema\/logo\/image\/"}}]}},"_links":{"self":[{"href":"https:\/\/algilbodegas.com\/es_es\/wp-json\/wp\/v2\/pages\/338","targetHints":{"allow":["GET"]}}],"collection":[{"href":"https:\/\/algilbodegas.com\/es_es\/wp-json\/wp\/v2\/pages"}],"about":[{"href":"https:\/\/algilbodegas.com\/es_es\/wp-json\/wp\/v2\/types\/page"}],"author":[{"embeddable":true,"href":"https:\/\/algilbodegas.com\/es_es\/wp-json\/wp\/v2\/users\/1"}],"replies":[{"embeddable":true,"href":"https:\/\/algilbodegas.com\/es_es\/wp-json\/wp\/v2\/comments?post=338"}],"version-history":[{"count":48,"href":"https:\/\/algilbodegas.com\/es_es\/wp-json\/wp\/v2\/pages\/338\/revisions"}],"predecessor-version":[{"id":989778,"href":"https:\/\/algilbodegas.com\/es_es\/wp-json\/wp\/v2\/pages\/338\/revisions\/989778"}],"wp:attachment":[{"href":"https:\/\/algilbodegas.com\/es_es\/wp-json\/wp\/v2\/media?parent=338"}],"curies":[{"name":"wp","href":"https:\/\/api.w.org\/{rel}","templated":true}]}}